{"id":3914,"date":"2025-01-03T10:47:32","date_gmt":"2025-01-03T10:47:32","guid":{"rendered":"https:\/\/influencecompany.meeronlineresultaat.dev\/om-os\/jobs\/"},"modified":"2025-04-17T14:31:01","modified_gmt":"2025-04-17T14:31:01","slug":"job","status":"publish","type":"page","link":"https:\/\/influencecompany.meeronlineresultaat.dev\/dk\/om-os\/job\/","title":{"rendered":"Jobs"},"content":{"rendered":"\t\t<div data-elementor-type=\"wp-page\" data-elementor-id=\"3914\" class=\"elementor elementor-3914 elementor-648\" data-elementor-post-type=\"page\">\n\t\t\t\t<div class=\"elementor-element elementor-element-d64fbc5 e-flex e-con-boxed e-con e-child\" data-id=\"d64fbc5\" data-element_type=\"container\" data-settings=\"{&quot;background_background&quot;:&quot;classic&quot;,&quot;jet_parallax_layout_list&quot;:[]}\">\n\t\t\t\t\t<div class=\"e-con-inner\">\n\t\t<div class=\"elementor-element elementor-element-49b9f00 e-flex e-con-boxed e-con e-child\" data-id=\"49b9f00\" data-element_type=\"container\" data-settings=\"{&quot;jet_parallax_layout_list&quot;:[],&quot;background_background&quot;:&quot;classic&quot;}\">\n\t\t\t\t\t<div class=\"e-con-inner\">\n\t\t<div class=\"elementor-element elementor-element-0b43912 e-con-full e-flex e-con e-child\" data-id=\"0b43912\" data-element_type=\"container\" data-settings=\"{&quot;jet_parallax_layout_list&quot;:[]}\">\n\t\t\t\t<div class=\"elementor-element elementor-element-fa3ccb7 elementor-widget elementor-widget-heading\" data-id=\"fa3ccb7\" data-element_type=\"widget\" data-widget_type=\"heading.default\">\n\t\t\t\t<div class=\"elementor-widget-container\">\n\t\t\t\t\t<h1 class=\"elementor-heading-title elementor-size-default\">Jobs<\/h1>\t\t\t\t<\/div>\n\t\t\t\t<\/div>\n\t\t\t\t<\/div>\n\t\t\t\t\t<\/div>\n\t\t\t\t<\/div>\n\t\t\t\t\t<\/div>\n\t\t\t\t<\/div>\n\t\t<div class=\"elementor-element elementor-element-9f99d72 e-flex e-con-boxed e-con e-parent\" data-id=\"9f99d72\" data-element_type=\"container\" data-settings=\"{&quot;jet_parallax_layout_list&quot;:[],&quot;background_background&quot;:&quot;classic&quot;}\">\n\t\t\t\t\t<div class=\"e-con-inner\">\n\t\t<div class=\"elementor-element elementor-element-bf8f752 e-con-full e-flex e-con e-child\" data-id=\"bf8f752\" data-element_type=\"container\" data-settings=\"{&quot;jet_parallax_layout_list&quot;:[]}\">\n\t\t\t\t<div class=\"elementor-element elementor-element-bdda653 elementor-widget elementor-widget-heading\" data-id=\"bdda653\" data-element_type=\"widget\" data-widget_type=\"heading.default\">\n\t\t\t\t<div class=\"elementor-widget-container\">\n\t\t\t\t\t<h2 class=\"elementor-heading-title elementor-size-default\">Nuv\u00e6rende stillinger hos Learn2Lead\u00ae<\/h2>\t\t\t\t<\/div>\n\t\t\t\t<\/div>\n\t\t\t\t<div class=\"elementor-element elementor-element-bfc6a97 elementor-widget elementor-widget-text-editor\" data-id=\"bfc6a97\" data-element_type=\"widget\" data-widget_type=\"text-editor.default\">\n\t\t\t\t<div class=\"elementor-widget-container\">\n\t\t\t\t\t\t\t\t\t<div class=\"elementor-element elementor-element-bce45ab elementor-widget elementor-widget-text-editor\" data-id=\"bce45ab\" data-element_type=\"widget\" data-widget_type=\"text-editor.default\"><div class=\"elementor-widget-container\"><p>Som medarbejder hos Learn2Lead\u00ae f\u00e5r du mulighed for, at udvikle dine f\u00e6rdigheder og g\u00f8re en forskel.<\/p><\/div><\/div>\t\t\t\t\t\t\t\t<\/div>\n\t\t\t\t<\/div>\n\t\t\t\t<div class=\"elementor-element elementor-element-fc731ac elementor-widget elementor-widget-spacer\" data-id=\"fc731ac\" data-element_type=\"widget\" data-widget_type=\"spacer.default\">\n\t\t\t\t<div class=\"elementor-widget-container\">\n\t\t\t\t\t\t\t<div class=\"elementor-spacer\">\n\t\t\t<div class=\"elementor-spacer-inner\"><\/div>\n\t\t<\/div>\n\t\t\t\t\t\t<\/div>\n\t\t\t\t<\/div>\n\t\t\t\t<div class=\"elementor-element elementor-element-45f042a elementor-widget elementor-widget-heading\" data-id=\"45f042a\" data-element_type=\"widget\" data-widget_type=\"heading.default\">\n\t\t\t\t<div class=\"elementor-widget-container\">\n\t\t\t\t\t<p class=\"elementor-heading-title elementor-size-default\">aktuelle ledige stillinger: <span class=\"jet-engine-query-count query-21 count-type-total\" data-query=\"21\">0<\/span><\/p>\t\t\t\t<\/div>\n\t\t\t\t<\/div>\n\t\t\t\t<div class=\"elementor-element elementor-element-f9ffdfe elementor-widget elementor-widget-jet-listing-grid\" data-id=\"f9ffdfe\" data-element_type=\"widget\" data-settings=\"{&quot;columns&quot;:&quot;1&quot;}\" data-widget_type=\"jet-listing-grid.default\">\n\t\t\t\t\t<div class=\"jet-listing-grid jet-listing\"><div class=\"jet-listing-not-found jet-listing-grid__items\" data-nav=\"{&quot;enabled&quot;:false,&quot;type&quot;:null,&quot;more_el&quot;:null,&quot;query&quot;:[],&quot;widget_settings&quot;:{&quot;lisitng_id&quot;:3296,&quot;posts_num&quot;:6,&quot;columns&quot;:1,&quot;columns_tablet&quot;:1,&quot;columns_mobile&quot;:1,&quot;column_min_width&quot;:240,&quot;column_min_width_tablet&quot;:240,&quot;column_min_width_mobile&quot;:240,&quot;inline_columns_css&quot;:false,&quot;is_archive_template&quot;:&quot;&quot;,&quot;post_status&quot;:[&quot;publish&quot;],&quot;use_random_posts_num&quot;:&quot;&quot;,&quot;max_posts_num&quot;:9,&quot;not_found_message&quot;:&quot;Der blev ikke fundet nogen data&quot;,&quot;is_masonry&quot;:false,&quot;equal_columns_height&quot;:&quot;&quot;,&quot;use_load_more&quot;:&quot;&quot;,&quot;load_more_id&quot;:&quot;&quot;,&quot;load_more_type&quot;:&quot;click&quot;,&quot;load_more_offset&quot;:{&quot;unit&quot;:&quot;px&quot;,&quot;size&quot;:0,&quot;sizes&quot;:[]},&quot;use_custom_post_types&quot;:&quot;&quot;,&quot;custom_post_types&quot;:[],&quot;hide_widget_if&quot;:&quot;&quot;,&quot;carousel_enabled&quot;:&quot;&quot;,&quot;slides_to_scroll&quot;:&quot;1&quot;,&quot;arrows&quot;:&quot;true&quot;,&quot;arrow_icon&quot;:&quot;fa fa-angle-left&quot;,&quot;dots&quot;:&quot;&quot;,&quot;autoplay&quot;:&quot;true&quot;,&quot;pause_on_hover&quot;:&quot;true&quot;,&quot;autoplay_speed&quot;:5000,&quot;infinite&quot;:&quot;true&quot;,&quot;center_mode&quot;:&quot;&quot;,&quot;effect&quot;:&quot;slide&quot;,&quot;speed&quot;:500,&quot;inject_alternative_items&quot;:&quot;&quot;,&quot;injection_items&quot;:[],&quot;scroll_slider_enabled&quot;:&quot;&quot;,&quot;scroll_slider_on&quot;:[&quot;desktop&quot;,&quot;tablet&quot;,&quot;mobile&quot;],&quot;custom_query&quot;:false,&quot;custom_query_id&quot;:&quot;&quot;,&quot;_element_id&quot;:&quot;&quot;,&quot;collapse_first_last_gap&quot;:false,&quot;list_items_wrapper_tag&quot;:&quot;div&quot;,&quot;list_item_tag&quot;:&quot;div&quot;,&quot;empty_items_wrapper_tag&quot;:&quot;div&quot;}}\" data-listing-source=\"posts\" data-listing-id=\"3296\" data-query-id=\"\" data-queried-id=\"3914|WP_Post\">Der blev ikke fundet nogen data<\/div><\/div>\t\t\t\t<\/div>\n\t\t\t\t<\/div>\n\t\t<div class=\"elementor-element elementor-element-bb8aaf7 e-con-full e-flex e-con e-child\" data-id=\"bb8aaf7\" data-element_type=\"container\" data-settings=\"{&quot;jet_parallax_layout_list&quot;:[]}\">\n\t\t<div class=\"elementor-element elementor-element-d0320ba e-con-full e-flex e-con e-child\" data-id=\"d0320ba\" data-element_type=\"container\" data-settings=\"{&quot;background_background&quot;:&quot;classic&quot;,&quot;jet_parallax_layout_list&quot;:[]}\">\n\t\t\t\t<div class=\"elementor-element elementor-element-e76c311 elementor-widget elementor-widget-heading\" data-id=\"e76c311\" data-element_type=\"widget\" data-widget_type=\"heading.default\">\n\t\t\t\t<div class=\"elementor-widget-container\">\n\t\t\t\t\t<h2 class=\"elementor-heading-title elementor-size-default\">Uopfordret ans\u00f8gning<\/h2>\t\t\t\t<\/div>\n\t\t\t\t<\/div>\n\t\t\t\t<div class=\"elementor-element elementor-element-87c6816 elementor-widget elementor-widget-text-editor\" data-id=\"87c6816\" data-element_type=\"widget\" data-widget_type=\"text-editor.default\">\n\t\t\t\t<div class=\"elementor-widget-container\">\n\t\t\t\t\t\t\t\t\t<p>Er du interesseret i at blive en del af vores team? Send os din uopfordrede ans\u00f8gning\u2014vi er \u00e5bne for nyt talent!<\/p>\t\t\t\t\t\t\t\t<\/div>\n\t\t\t\t<\/div>\n\t\t\t\t<div class=\"elementor-element elementor-element-c3d0934 elementor-mobile-align-justify elementor-widget elementor-widget-button\" data-id=\"c3d0934\" data-element_type=\"widget\" data-widget_type=\"button.default\">\n\t\t\t\t<div class=\"elementor-widget-container\">\n\t\t\t\t\t\t\t\t\t<div class=\"elementor-button-wrapper\">\n\t\t\t\t\t<a class=\"elementor-button elementor-button-link elementor-size-sm\" href=\"https:\/\/influencecompany.meeronlineresultaat.dev\/dk\/kontakt\/\">\n\t\t\t\t\t\t<span class=\"elementor-button-content-wrapper\">\n\t\t\t\t\t\t\t\t\t<span class=\"elementor-button-text\">ans\u00f8g<\/span>\n\t\t\t\t\t<\/span>\n\t\t\t\t\t<\/a>\n\t\t\t\t<\/div>\n\t\t\t\t\t\t\t\t<\/div>\n\t\t\t\t<\/div>\n\t\t\t\t<\/div>\n\t\t\t\t<\/div>\n\t\t\t\t\t<\/div>\n\t\t\t\t<\/div>\n\t\t<div class=\"elementor-element elementor-element-78586f0 e-flex e-con-boxed e-con e-parent\" data-id=\"78586f0\" data-element_type=\"container\" data-settings=\"{&quot;jet_parallax_layout_list&quot;:[]}\">\n\t\t\t\t\t<div class=\"e-con-inner\">\n\t\t<div class=\"elementor-element elementor-element-85e7b74 e-con-full e-flex e-con e-child\" data-id=\"85e7b74\" data-element_type=\"container\" data-settings=\"{&quot;jet_parallax_layout_list&quot;:[]}\">\n\t\t\t\t<div class=\"elementor-element elementor-element-5369c15 elementor-widget elementor-widget-heading\" data-id=\"5369c15\" data-element_type=\"widget\" data-widget_type=\"heading.default\">\n\t\t\t\t<div class=\"elementor-widget-container\">\n\t\t\t\t\t<h2 class=\"elementor-heading-title elementor-size-default\">Fremtiden er din<\/h2>\t\t\t\t<\/div>\n\t\t\t\t<\/div>\n\t\t\t\t<div class=\"elementor-element elementor-element-989f1e9 elementor-widget elementor-widget-text-editor\" data-id=\"989f1e9\" data-element_type=\"widget\" data-widget_type=\"text-editor.default\">\n\t\t\t\t<div class=\"elementor-widget-container\">\n\t\t\t\t\t\t\t\t\t<p>Deler du vores m\u00e5l om at udvikle positive indflydelsesevner hos s\u00e5 mange mennesker som muligt? Vi er ambiti\u00f8se og str\u00e6ber efter at hj\u00e6lpe alle med at blive mere indflydelsesrige. Lyder det som dig? Kontakt os!<\/p>\t\t\t\t\t\t\t\t<\/div>\n\t\t\t\t<\/div>\n\t\t\t\t<div class=\"elementor-element elementor-element-ae4afac elementor-icon-list--layout-traditional elementor-list-item-link-full_width elementor-widget elementor-widget-icon-list\" data-id=\"ae4afac\" data-element_type=\"widget\" data-widget_type=\"icon-list.default\">\n\t\t\t\t<div class=\"elementor-widget-container\">\n\t\t\t\t\t\t\t<ul class=\"elementor-icon-list-items\">\n\t\t\t\t\t\t\t<li class=\"elementor-icon-list-item\">\n\t\t\t\t\t\t\t\t\t\t\t<span class=\"elementor-icon-list-icon\">\n\t\t\t\t\t\t\t<svg aria-hidden=\"true\" class=\"e-font-icon-svg e-fas-check-circle\" viewBox=\"0 0 512 512\" xmlns=\"http:\/\/www.w3.org\/2000\/svg\"><path d=\"M504 256c0 136.967-111.033 248-248 248S8 392.967 8 256 119.033 8 256 8s248 111.033 248 248zM227.314 387.314l184-184c6.248-6.248 6.248-16.379 0-22.627l-22.627-22.627c-6.248-6.249-16.379-6.249-22.628 0L216 308.118l-70.059-70.059c-6.248-6.248-16.379-6.248-22.628 0l-22.627 22.627c-6.248 6.248-6.248 16.379 0 22.627l104 104c6.249 6.249 16.379 6.249 22.628.001z\"><\/path><\/svg>\t\t\t\t\t\t<\/span>\n\t\t\t\t\t\t\t\t\t\t<span class=\"elementor-icon-list-text\">Positiv indflydelse<\/span>\n\t\t\t\t\t\t\t\t\t<\/li>\n\t\t\t\t\t\t\t\t<li class=\"elementor-icon-list-item\">\n\t\t\t\t\t\t\t\t\t\t\t<span class=\"elementor-icon-list-icon\">\n\t\t\t\t\t\t\t<svg aria-hidden=\"true\" class=\"e-font-icon-svg e-fas-check-circle\" viewBox=\"0 0 512 512\" xmlns=\"http:\/\/www.w3.org\/2000\/svg\"><path d=\"M504 256c0 136.967-111.033 248-248 248S8 392.967 8 256 119.033 8 256 8s248 111.033 248 248zM227.314 387.314l184-184c6.248-6.248 6.248-16.379 0-22.627l-22.627-22.627c-6.248-6.249-16.379-6.249-22.628 0L216 308.118l-70.059-70.059c-6.248-6.248-16.379-6.248-22.628 0l-22.627 22.627c-6.248 6.248-6.248 16.379 0 22.627l104 104c6.249 6.249 16.379 6.249 22.628.001z\"><\/path><\/svg>\t\t\t\t\t\t<\/span>\n\t\t\t\t\t\t\t\t\t\t<span class=\"elementor-icon-list-text\">Godt samarbejde<\/span>\n\t\t\t\t\t\t\t\t\t<\/li>\n\t\t\t\t\t\t\t\t<li class=\"elementor-icon-list-item\">\n\t\t\t\t\t\t\t\t\t\t\t<span class=\"elementor-icon-list-icon\">\n\t\t\t\t\t\t\t<svg aria-hidden=\"true\" class=\"e-font-icon-svg e-fas-check-circle\" viewBox=\"0 0 512 512\" xmlns=\"http:\/\/www.w3.org\/2000\/svg\"><path d=\"M504 256c0 136.967-111.033 248-248 248S8 392.967 8 256 119.033 8 256 8s248 111.033 248 248zM227.314 387.314l184-184c6.248-6.248 6.248-16.379 0-22.627l-22.627-22.627c-6.248-6.249-16.379-6.249-22.628 0L216 308.118l-70.059-70.059c-6.248-6.248-16.379-6.248-22.628 0l-22.627 22.627c-6.248 6.248-6.248 16.379 0 22.627l104 104c6.249 6.249 16.379 6.249 22.628.001z\"><\/path><\/svg>\t\t\t\t\t\t<\/span>\n\t\t\t\t\t\t\t\t\t\t<span class=\"elementor-icon-list-text\">Meningsfuldt arbejde<\/span>\n\t\t\t\t\t\t\t\t\t<\/li>\n\t\t\t\t\t\t\t\t<li class=\"elementor-icon-list-item\">\n\t\t\t\t\t\t\t\t\t\t\t<span class=\"elementor-icon-list-icon\">\n\t\t\t\t\t\t\t<svg aria-hidden=\"true\" class=\"e-font-icon-svg e-fas-check-circle\" viewBox=\"0 0 512 512\" xmlns=\"http:\/\/www.w3.org\/2000\/svg\"><path d=\"M504 256c0 136.967-111.033 248-248 248S8 392.967 8 256 119.033 8 256 8s248 111.033 248 248zM227.314 387.314l184-184c6.248-6.248 6.248-16.379 0-22.627l-22.627-22.627c-6.248-6.249-16.379-6.249-22.628 0L216 308.118l-70.059-70.059c-6.248-6.248-16.379-6.248-22.628 0l-22.627 22.627c-6.248 6.248-6.248 16.379 0 22.627l104 104c6.249 6.249 16.379 6.249 22.628.001z\"><\/path><\/svg>\t\t\t\t\t\t<\/span>\n\t\t\t\t\t\t\t\t\t\t<span class=\"elementor-icon-list-text\">Internationalt team<\/span>\n\t\t\t\t\t\t\t\t\t<\/li>\n\t\t\t\t\t\t<\/ul>\n\t\t\t\t\t\t<\/div>\n\t\t\t\t<\/div>\n\t\t\t\t<\/div>\n\t\t<div class=\"elementor-element elementor-element-5dfdf14 e-con-full e-flex e-con e-child\" data-id=\"5dfdf14\" data-element_type=\"container\" data-settings=\"{&quot;background_background&quot;:&quot;classic&quot;,&quot;jet_parallax_layout_list&quot;:[]}\">\n\t\t\t\t<\/div>\n\t\t\t\t\t<\/div>\n\t\t\t\t<\/div>\n\t\t\t\t<\/div>\n\t\t","protected":false},"excerpt":{"rendered":"<p>Jobs Nuv\u00e6rende stillinger hos Learn2Lead\u00ae Som medarbejder hos Learn2Lead\u00ae f\u00e5r du mulighed for, at udvikle dine f\u00e6rdigheder og g\u00f8re en forskel. More information Uopfordret ans\u00f8gning Er du interesseret i at blive en del af vores team? Send os din uopfordrede ans\u00f8gning\u2014vi er \u00e5bne for nyt talent! ans\u00f8g Fremtiden er din Deler du vores m\u00e5l om [&hellip;]<\/p>\n","protected":false},"author":1,"featured_media":0,"parent":3875,"menu_order":0,"comment_status":"closed","ping_status":"closed","template":"","meta":{"footnotes":""},"class_list":["post-3914","page","type-page","status-publish","hentry"],"yoast_head":"<!-- This site is optimized with the Yoast SEO plugin v24.8.1 - https:\/\/yoast.com\/wordpress\/plugins\/seo\/ -->\n<title>Jobs - The Influence Company<\/title>\n<meta name=\"robots\" content=\"index, follow, max-snippet:-1, max-image-preview:large, max-video-preview:-1\" \/>\n<link rel=\"canonical\" href=\"https:\/\/influencecompany.meeronlineresultaat.dev\/dk\/om-os\/job\/\" \/>\n<meta property=\"og:locale\" content=\"en_US\" \/>\n<meta property=\"og:type\" content=\"article\" \/>\n<meta property=\"og:title\" content=\"Jobs - The Influence Company\" \/>\n<meta property=\"og:description\" content=\"Jobs Nuv\u00e6rende stillinger hos Learn2Lead\u00ae Som medarbejder hos Learn2Lead\u00ae f\u00e5r du mulighed for, at udvikle dine f\u00e6rdigheder og g\u00f8re en forskel. More information Uopfordret ans\u00f8gning Er du interesseret i at blive en del af vores team? Send os din uopfordrede ans\u00f8gning\u2014vi er \u00e5bne for nyt talent! ans\u00f8g Fremtiden er din Deler du vores m\u00e5l om [&hellip;]\" \/>\n<meta property=\"og:url\" content=\"https:\/\/influencecompany.meeronlineresultaat.dev\/dk\/om-os\/job\/\" \/>\n<meta property=\"og:site_name\" content=\"The Influence Company\" \/>\n<meta property=\"article:modified_time\" content=\"2025-04-17T14:31:01+00:00\" \/>\n<meta name=\"twitter:card\" content=\"summary_large_image\" \/>\n<meta name=\"twitter:label1\" content=\"Est. reading time\" \/>\n\t<meta name=\"twitter:data1\" content=\"1 minute\" \/>\n<!-- \/ Yoast SEO plugin. -->","yoast_head_json":{"title":"Jobs - The Influence Company","robots":{"index":"index","follow":"follow","max-snippet":"max-snippet:-1","max-image-preview":"max-image-preview:large","max-video-preview":"max-video-preview:-1"},"canonical":"https:\/\/influencecompany.meeronlineresultaat.dev\/dk\/om-os\/job\/","og_locale":"en_US","og_type":"article","og_title":"Jobs - The Influence Company","og_description":"Jobs Nuv\u00e6rende stillinger hos Learn2Lead\u00ae Som medarbejder hos Learn2Lead\u00ae f\u00e5r du mulighed for, at udvikle dine f\u00e6rdigheder og g\u00f8re en forskel. More information Uopfordret ans\u00f8gning Er du interesseret i at blive en del af vores team? Send os din uopfordrede ans\u00f8gning\u2014vi er \u00e5bne for nyt talent! ans\u00f8g Fremtiden er din Deler du vores m\u00e5l om [&hellip;]","og_url":"https:\/\/influencecompany.meeronlineresultaat.dev\/dk\/om-os\/job\/","og_site_name":"The Influence Company","article_modified_time":"2025-04-17T14:31:01+00:00","twitter_card":"summary_large_image","twitter_misc":{"Est. reading time":"1 minute"},"schema":{"@context":"https:\/\/schema.org","@graph":[{"@type":"WebPage","@id":"https:\/\/influencecompany.meeronlineresultaat.dev\/dk\/om-os\/job\/","url":"https:\/\/influencecompany.meeronlineresultaat.dev\/dk\/om-os\/job\/","name":"Jobs - The Influence Company","isPartOf":{"@id":"https:\/\/influencecompany.meeronlineresultaat.dev\/dk\/#website"},"datePublished":"2025-01-03T10:47:32+00:00","dateModified":"2025-04-17T14:31:01+00:00","breadcrumb":{"@id":"https:\/\/influencecompany.meeronlineresultaat.dev\/dk\/om-os\/job\/#breadcrumb"},"inLanguage":"dk","potentialAction":[{"@type":"ReadAction","target":["https:\/\/influencecompany.meeronlineresultaat.dev\/dk\/om-os\/job\/"]}]},{"@type":"BreadcrumbList","@id":"https:\/\/influencecompany.meeronlineresultaat.dev\/dk\/om-os\/job\/#breadcrumb","itemListElement":[{"@type":"ListItem","position":1,"name":"Home","item":"https:\/\/influencecompany.meeronlineresultaat.dev\/dk\/"},{"@type":"ListItem","position":2,"name":"Om os","item":"https:\/\/influencecompany.meeronlineresultaat.dev\/dk\/about-us\/"},{"@type":"ListItem","position":3,"name":"Jobs"}]},{"@type":"WebSite","@id":"https:\/\/influencecompany.meeronlineresultaat.dev\/dk\/#website","url":"https:\/\/influencecompany.meeronlineresultaat.dev\/dk\/","name":"The Influence Company","description":"Work on your Influence skills","publisher":{"@id":"https:\/\/influencecompany.meeronlineresultaat.dev\/dk\/#organization"},"potentialAction":[{"@type":"SearchAction","target":{"@type":"EntryPoint","urlTemplate":"https:\/\/influencecompany.meeronlineresultaat.dev\/dk\/?s={search_term_string}"},"query-input":{"@type":"PropertyValueSpecification","valueRequired":true,"valueName":"search_term_string"}}],"inLanguage":"dk"},{"@type":"Organization","@id":"https:\/\/influencecompany.meeronlineresultaat.dev\/dk\/#organization","name":"The Influence Company","url":"https:\/\/influencecompany.meeronlineresultaat.dev\/dk\/","logo":{"@type":"ImageObject","inLanguage":"dk","@id":"https:\/\/influencecompany.meeronlineresultaat.dev\/dk\/#\/schema\/logo\/image\/","url":"https:\/\/influencecompany.meeronlineresultaat.dev\/wp-content\/uploads\/2024\/07\/tic-logo.png","contentUrl":"https:\/\/influencecompany.meeronlineresultaat.dev\/wp-content\/uploads\/2024\/07\/tic-logo.png","width":768,"height":163,"caption":"The Influence Company"},"image":{"@id":"https:\/\/influencecompany.meeronlineresultaat.dev\/dk\/#\/schema\/logo\/image\/"}}]}},"_links":{"self":[{"href":"https:\/\/influencecompany.meeronlineresultaat.dev\/dk\/wp-json\/wp\/v2\/pages\/3914","targetHints":{"allow":["GET"]}}],"collection":[{"href":"https:\/\/influencecompany.meeronlineresultaat.dev\/dk\/wp-json\/wp\/v2\/pages"}],"about":[{"href":"https:\/\/influencecompany.meeronlineresultaat.dev\/dk\/wp-json\/wp\/v2\/types\/page"}],"author":[{"embeddable":true,"href":"https:\/\/influencecompany.meeronlineresultaat.dev\/dk\/wp-json\/wp\/v2\/users\/1"}],"replies":[{"embeddable":true,"href":"https:\/\/influencecompany.meeronlineresultaat.dev\/dk\/wp-json\/wp\/v2\/comments?post=3914"}],"version-history":[{"count":28,"href":"https:\/\/influencecompany.meeronlineresultaat.dev\/dk\/wp-json\/wp\/v2\/pages\/3914\/revisions"}],"predecessor-version":[{"id":8945,"href":"https:\/\/influencecompany.meeronlineresultaat.dev\/dk\/wp-json\/wp\/v2\/pages\/3914\/revisions\/8945"}],"up":[{"embeddable":true,"href":"https:\/\/influencecompany.meeronlineresultaat.dev\/dk\/wp-json\/wp\/v2\/pages\/3875"}],"wp:attachment":[{"href":"https:\/\/influencecompany.meeronlineresultaat.dev\/dk\/wp-json\/wp\/v2\/media?parent=3914"}],"curies":[{"name":"wp","href":"https:\/\/api.w.org\/{rel}","templated":true}]}}