{"id":3946,"date":"2025-01-03T10:46:10","date_gmt":"2025-01-03T10:46:10","guid":{"rendered":"https:\/\/influencecompany.meeronlineresultaat.dev\/downloads\/artikler\/"},"modified":"2025-04-16T18:10:07","modified_gmt":"2025-04-16T18:10:07","slug":"artikel","status":"publish","type":"page","link":"https:\/\/influencecompany.meeronlineresultaat.dev\/dk\/download\/artikel\/","title":{"rendered":"Artikler"},"content":{"rendered":"\t\t<div data-elementor-type=\"wp-page\" data-elementor-id=\"3946\" class=\"elementor elementor-3946 elementor-640\" data-elementor-post-type=\"page\">\n\t\t\t\t<div class=\"elementor-element elementor-element-2a5e531 e-flex e-con-boxed e-con e-child\" data-id=\"2a5e531\" data-element_type=\"container\" data-settings=\"{&quot;background_background&quot;:&quot;classic&quot;,&quot;jet_parallax_layout_list&quot;:[]}\">\n\t\t\t\t\t<div class=\"e-con-inner\">\n\t\t<div class=\"elementor-element elementor-element-ecc1dad e-flex e-con-boxed e-con e-child\" data-id=\"ecc1dad\" data-element_type=\"container\" data-settings=\"{&quot;jet_parallax_layout_list&quot;:[],&quot;background_background&quot;:&quot;classic&quot;}\">\n\t\t\t\t\t<div class=\"e-con-inner\">\n\t\t<div class=\"elementor-element elementor-element-d4bbac2 e-con-full e-flex e-con e-child\" data-id=\"d4bbac2\" data-element_type=\"container\" data-settings=\"{&quot;jet_parallax_layout_list&quot;:[]}\">\n\t\t\t\t<div class=\"elementor-element elementor-element-e5b665b elementor-widget elementor-widget-heading\" data-id=\"e5b665b\" data-element_type=\"widget\" data-widget_type=\"heading.default\">\n\t\t\t\t<div class=\"elementor-widget-container\">\n\t\t\t\t\t<h1 class=\"elementor-heading-title elementor-size-default\">Artikler<\/h1>\t\t\t\t<\/div>\n\t\t\t\t<\/div>\n\t\t\t\t<div class=\"elementor-element elementor-element-1e035c5 elementor-widget elementor-widget-text-editor\" data-id=\"1e035c5\" data-element_type=\"widget\" data-widget_type=\"text-editor.default\">\n\t\t\t\t<div class=\"elementor-widget-container\">\n\t\t\t\t\t\t\t\t\t<p><span data-teams=\"true\">F\u00e5 v\u00e6rdifulde indsigter og \u00f8g din indflydelse med vores gratis artikler! Gennemse udvalget og download det materiale, der kan hj\u00e6lpe dig med at udvikle dig, l\u00e6re nyt og n\u00e5 dine m\u00e5l. <\/span><\/p>\t\t\t\t\t\t\t\t<\/div>\n\t\t\t\t<\/div>\n\t\t\t\t<\/div>\n\t\t\t\t\t<\/div>\n\t\t\t\t<\/div>\n\t\t\t\t\t<\/div>\n\t\t\t\t<\/div>\n\t\t<div class=\"elementor-element elementor-element-408420e e-flex e-con-boxed e-con e-parent\" data-id=\"408420e\" data-element_type=\"container\" data-settings=\"{&quot;jet_parallax_layout_list&quot;:[]}\">\n\t\t\t\t\t<div class=\"e-con-inner\">\n\t\t\t\t<div class=\"elementor-element elementor-element-2db3188 elementor-widget elementor-widget-jet-listing-grid\" data-id=\"2db3188\" data-element_type=\"widget\" data-settings=\"{&quot;columns&quot;:&quot;3&quot;,&quot;columns_tablet&quot;:&quot;2&quot;,&quot;columns_mobile&quot;:&quot;1&quot;}\" data-widget_type=\"jet-listing-grid.default\">\n\t\t\t\t\t<div class=\"jet-listing-grid jet-listing\"><div class=\"jet-listing-grid__items grid-col-desk-3 grid-col-tablet-2 grid-col-mobile-1 jet-listing-grid--2006\" data-queried-id=\"3946|WP_Post\" data-nav=\"{&quot;enabled&quot;:false,&quot;type&quot;:null,&quot;more_el&quot;:null,&quot;query&quot;:[],&quot;widget_settings&quot;:{&quot;lisitng_id&quot;:2006,&quot;posts_num&quot;:6,&quot;columns&quot;:3,&quot;columns_tablet&quot;:2,&quot;columns_mobile&quot;:1,&quot;column_min_width&quot;:240,&quot;column_min_width_tablet&quot;:240,&quot;column_min_width_mobile&quot;:240,&quot;inline_columns_css&quot;:false,&quot;is_archive_template&quot;:&quot;&quot;,&quot;post_status&quot;:[&quot;publish&quot;],&quot;use_random_posts_num&quot;:&quot;&quot;,&quot;max_posts_num&quot;:9,&quot;not_found_message&quot;:&quot;Der blev ikke fundet nogen data&quot;,&quot;is_masonry&quot;:false,&quot;equal_columns_height&quot;:&quot;&quot;,&quot;use_load_more&quot;:&quot;&quot;,&quot;load_more_id&quot;:&quot;&quot;,&quot;load_more_type&quot;:&quot;click&quot;,&quot;load_more_offset&quot;:{&quot;unit&quot;:&quot;px&quot;,&quot;size&quot;:0,&quot;sizes&quot;:[]},&quot;use_custom_post_types&quot;:&quot;&quot;,&quot;custom_post_types&quot;:[],&quot;hide_widget_if&quot;:&quot;&quot;,&quot;carousel_enabled&quot;:&quot;&quot;,&quot;slides_to_scroll&quot;:&quot;1&quot;,&quot;arrows&quot;:&quot;true&quot;,&quot;arrow_icon&quot;:&quot;fa fa-chevron-circle-left&quot;,&quot;dots&quot;:&quot;true&quot;,&quot;autoplay&quot;:&quot;true&quot;,&quot;pause_on_hover&quot;:&quot;true&quot;,&quot;autoplay_speed&quot;:5000,&quot;infinite&quot;:&quot;true&quot;,&quot;center_mode&quot;:&quot;&quot;,&quot;effect&quot;:&quot;slide&quot;,&quot;speed&quot;:500,&quot;inject_alternative_items&quot;:&quot;&quot;,&quot;injection_items&quot;:[],&quot;scroll_slider_enabled&quot;:&quot;&quot;,&quot;scroll_slider_on&quot;:[&quot;desktop&quot;,&quot;tablet&quot;,&quot;mobile&quot;],&quot;custom_query&quot;:false,&quot;custom_query_id&quot;:&quot;&quot;,&quot;_element_id&quot;:&quot;&quot;,&quot;collapse_first_last_gap&quot;:false,&quot;list_items_wrapper_tag&quot;:&quot;div&quot;,&quot;list_item_tag&quot;:&quot;div&quot;,&quot;empty_items_wrapper_tag&quot;:&quot;div&quot;}}\" data-page=\"1\" data-pages=\"1\" data-listing-source=\"posts\" data-listing-id=\"2006\" data-query-id=\"\"><div class=\"jet-listing-grid__item jet-listing-dynamic-post-3855\" data-post-id=\"3855\" ><style type=\"text\/css\">.jet-listing-dynamic-post-3855 .elementor-element.elementor-element-0eb1680:not(.elementor-motion-effects-element-type-background), .jet-listing-dynamic-post-3855 .elementor-element.elementor-element-0eb1680 > .elementor-motion-effects-container > .elementor-motion-effects-layer{background-image:url(\"https:\/\/influencecompany.meeronlineresultaat.dev\/wp-content\/uploads\/2025\/03\/Learn.-Experience.-Take-action-DK.pdf.png\");}<\/style>\t\t<div data-elementor-type=\"jet-listing-items\" data-elementor-id=\"6814\" class=\"elementor elementor-6814 elementor-2006\" data-elementor-post-type=\"jet-engine\">\n\t\t\t\t<div class=\"elementor-element elementor-element-92dd10c e-con-full e-flex e-con e-parent\" data-id=\"92dd10c\" data-element_type=\"container\" data-settings=\"{&quot;background_background&quot;:&quot;classic&quot;,&quot;jet_parallax_layout_list&quot;:[]}\">\n\t\t<div class=\"elementor-element elementor-element-0eb1680 e-con-full e-flex e-con e-child\" data-id=\"0eb1680\" data-element_type=\"container\" data-settings=\"{&quot;background_background&quot;:&quot;classic&quot;,&quot;jet_parallax_layout_list&quot;:[]}\">\n\t\t\t\t<\/div>\n\t\t<div class=\"elementor-element elementor-element-eefa84e e-con-full e-flex e-con e-child\" data-id=\"eefa84e\" data-element_type=\"container\" data-settings=\"{&quot;jet_parallax_layout_list&quot;:[]}\">\n\t\t<div class=\"elementor-element elementor-element-e9774e1 e-con-full e-flex e-con e-child\" data-id=\"e9774e1\" data-element_type=\"container\" data-settings=\"{&quot;jet_parallax_layout_list&quot;:[]}\">\n\t\t<div class=\"elementor-element elementor-element-609502c e-con-full e-flex e-con e-child\" data-id=\"609502c\" data-element_type=\"container\" data-settings=\"{&quot;jet_parallax_layout_list&quot;:[]}\">\n\t\t\t\t<div class=\"elementor-element elementor-element-83f2fc1 elementor-widget elementor-widget-heading\" data-id=\"83f2fc1\" data-element_type=\"widget\" data-widget_type=\"heading.default\">\n\t\t\t\t<div class=\"elementor-widget-container\">\n\t\t\t\t\t<p class=\"elementor-heading-title elementor-size-default\">L\u00e6r. Oplev. Udf\u00f8r!<\/p>\t\t\t\t<\/div>\n\t\t\t\t<\/div>\n\t\t\t\t<div class=\"elementor-element elementor-element-5196fd6 elementor-widget elementor-widget-text-editor\" data-id=\"5196fd6\" data-element_type=\"widget\" data-widget_type=\"text-editor.default\">\n\t\t\t\t<div class=\"elementor-widget-container\">\n\t\t\t\t\t\t\t\t\tI et samfund, hvor samarbejde bliver stadig mere komplekst, er gode sociale f\u00e6rdigheder afg\u00f8rende. Faktisk vil disse f\u00e6rdigheder blive endnu vigtigere i de kommende \u00e5r. \r\n\t\t\t\t\t\t\t\t<\/div>\n\t\t\t\t<\/div>\n\t\t\t\t<\/div>\n\t\t\t\t<\/div>\n\t\t\t\t<div class=\"elementor-element elementor-element-db60a41 elementor-align-justify elementor-widget elementor-widget-button\" data-id=\"db60a41\" data-element_type=\"widget\" data-widget_type=\"button.default\">\n\t\t\t\t<div class=\"elementor-widget-container\">\n\t\t\t\t\t\t\t\t\t<div class=\"elementor-button-wrapper\">\n\t\t\t\t\t<a class=\"elementor-button elementor-button-link elementor-size-sm\" href=\"https:\/\/influencecompany.meeronlineresultaat.dev\/dk\/download\/artikel\/laer-oplev-udfor\/\">\n\t\t\t\t\t\t<span class=\"elementor-button-content-wrapper\">\n\t\t\t\t\t\t\t\t\t<span class=\"elementor-button-text\">Download artikel<\/span>\n\t\t\t\t\t<\/span>\n\t\t\t\t\t<\/a>\n\t\t\t\t<\/div>\n\t\t\t\t\t\t\t\t<\/div>\n\t\t\t\t<\/div>\n\t\t\t\t<\/div>\n\t\t\t\t<\/div>\n\t\t\t\t<\/div>\n\t\t<\/div><\/div><\/div>\t\t\t\t<\/div>\n\t\t\t\t\t<\/div>\n\t\t\t\t<\/div>\n\t\t<div class=\"elementor-element elementor-element-9b36b63 e-flex e-con-boxed e-con e-parent\" data-id=\"9b36b63\" data-element_type=\"container\" data-settings=\"{&quot;jet_parallax_layout_list&quot;:[]}\">\n\t\t\t\t\t<div class=\"e-con-inner\">\n\t\t<div class=\"elementor-element elementor-element-1218944 e-con-full e-flex e-con e-child\" data-id=\"1218944\" data-element_type=\"container\" data-settings=\"{&quot;jet_parallax_layout_list&quot;:[]}\">\n\t\t\t\t<div class=\"elementor-element elementor-element-e5e318d elementor-widget elementor-widget-heading\" data-id=\"e5e318d\" data-element_type=\"widget\" data-widget_type=\"heading.default\">\n\t\t\t\t<div class=\"elementor-widget-container\">\n\t\t\t\t\t<h2 class=\"elementor-heading-title elementor-size-default\">Praktisk l\u00e6ring<\/h2>\t\t\t\t<\/div>\n\t\t\t\t<\/div>\n\t\t\t\t<div class=\"elementor-element elementor-element-03917de elementor-widget elementor-widget-text-editor\" data-id=\"03917de\" data-element_type=\"widget\" data-widget_type=\"text-editor.default\">\n\t\t\t\t<div class=\"elementor-widget-container\">\n\t\t\t\t\t\t\t\t\t<p><span style=\"letter-spacing: -0.6px;\">En introduktion til Power2Influence\u00ae-kurset. I dette 60-minutters gratis webinar vil en af vores tr\u00e6nere fort\u00e6lle dig alt om det bedste kursus for dem, der er ambiti\u00f8se i deres arbejdsliv. Du vil ogs\u00e5 f\u00e5 et smugkig p\u00e5 Influence-modellen\u00ae og hvordan du kan drage fordel af den.<\/span><\/p>\t\t\t\t\t\t\t\t<\/div>\n\t\t\t\t<\/div>\n\t\t\t\t<div class=\"elementor-element elementor-element-6a790f1 elementor-icon-list--layout-traditional elementor-list-item-link-full_width elementor-widget elementor-widget-icon-list\" data-id=\"6a790f1\" data-element_type=\"widget\" data-widget_type=\"icon-list.default\">\n\t\t\t\t<div class=\"elementor-widget-container\">\n\t\t\t\t\t\t\t<ul class=\"elementor-icon-list-items\">\n\t\t\t\t\t\t\t<li class=\"elementor-icon-list-item\">\n\t\t\t\t\t\t\t\t\t\t\t<span class=\"elementor-icon-list-icon\">\n\t\t\t\t\t\t\t<svg aria-hidden=\"true\" class=\"e-font-icon-svg e-fas-check-circle\" viewBox=\"0 0 512 512\" xmlns=\"http:\/\/www.w3.org\/2000\/svg\"><path d=\"M504 256c0 136.967-111.033 248-248 248S8 392.967 8 256 119.033 8 256 8s248 111.033 248 248zM227.314 387.314l184-184c6.248-6.248 6.248-16.379 0-22.627l-22.627-22.627c-6.248-6.249-16.379-6.249-22.628 0L216 308.118l-70.059-70.059c-6.248-6.248-16.379-6.248-22.628 0l-22.627 22.627c-6.248 6.248-6.248 16.379 0 22.627l104 104c6.249 6.249 16.379 6.249 22.628.001z\"><\/path><\/svg>\t\t\t\t\t\t<\/span>\n\t\t\t\t\t\t\t\t\t\t<span class=\"elementor-icon-list-text\">Personlig feedback<\/span>\n\t\t\t\t\t\t\t\t\t<\/li>\n\t\t\t\t\t\t\t\t<li class=\"elementor-icon-list-item\">\n\t\t\t\t\t\t\t\t\t\t\t<span class=\"elementor-icon-list-icon\">\n\t\t\t\t\t\t\t<svg aria-hidden=\"true\" class=\"e-font-icon-svg e-fas-check-circle\" viewBox=\"0 0 512 512\" xmlns=\"http:\/\/www.w3.org\/2000\/svg\"><path d=\"M504 256c0 136.967-111.033 248-248 248S8 392.967 8 256 119.033 8 256 8s248 111.033 248 248zM227.314 387.314l184-184c6.248-6.248 6.248-16.379 0-22.627l-22.627-22.627c-6.248-6.249-16.379-6.249-22.628 0L216 308.118l-70.059-70.059c-6.248-6.248-16.379-6.248-22.628 0l-22.627 22.627c-6.248 6.248-6.248 16.379 0 22.627l104 104c6.249 6.249 16.379 6.249 22.628.001z\"><\/path><\/svg>\t\t\t\t\t\t<\/span>\n\t\t\t\t\t\t\t\t\t\t<span class=\"elementor-icon-list-text\">Realistiske scenarier fra arbejdspladsen<\/span>\n\t\t\t\t\t\t\t\t\t<\/li>\n\t\t\t\t\t\t\t\t<li class=\"elementor-icon-list-item\">\n\t\t\t\t\t\t\t\t\t\t\t<span class=\"elementor-icon-list-icon\">\n\t\t\t\t\t\t\t<svg aria-hidden=\"true\" class=\"e-font-icon-svg e-fas-check-circle\" viewBox=\"0 0 512 512\" xmlns=\"http:\/\/www.w3.org\/2000\/svg\"><path d=\"M504 256c0 136.967-111.033 248-248 248S8 392.967 8 256 119.033 8 256 8s248 111.033 248 248zM227.314 387.314l184-184c6.248-6.248 6.248-16.379 0-22.627l-22.627-22.627c-6.248-6.249-16.379-6.249-22.628 0L216 308.118l-70.059-70.059c-6.248-6.248-16.379-6.248-22.628 0l-22.627 22.627c-6.248 6.248-6.248 16.379 0 22.627l104 104c6.249 6.249 16.379 6.249 22.628.001z\"><\/path><\/svg>\t\t\t\t\t\t<\/span>\n\t\t\t\t\t\t\t\t\t\t<span class=\"elementor-icon-list-text\">Masser af praktiske \u00f8velser<\/span>\n\t\t\t\t\t\t\t\t\t<\/li>\n\t\t\t\t\t\t<\/ul>\n\t\t\t\t\t\t<\/div>\n\t\t\t\t<\/div>\n\t\t\t\t<div class=\"elementor-element elementor-element-88bc73c elementor-mobile-align-justify elementor-widget elementor-widget-button\" data-id=\"88bc73c\" data-element_type=\"widget\" data-widget_type=\"button.default\">\n\t\t\t\t<div class=\"elementor-widget-container\">\n\t\t\t\t\t\t\t\t\t<div class=\"elementor-button-wrapper\">\n\t\t\t\t\t<a class=\"elementor-button elementor-button-link elementor-size-sm\" href=\"http:\/\/webinar\">\n\t\t\t\t\t\t<span class=\"elementor-button-content-wrapper\">\n\t\t\t\t\t\t\t\t\t<span class=\"elementor-button-text\">download webinar<\/span>\n\t\t\t\t\t<\/span>\n\t\t\t\t\t<\/a>\n\t\t\t\t<\/div>\n\t\t\t\t\t\t\t\t<\/div>\n\t\t\t\t<\/div>\n\t\t\t\t<\/div>\n\t\t<div class=\"elementor-element elementor-element-372509a e-con-full e-flex e-con e-child\" data-id=\"372509a\" data-element_type=\"container\" data-settings=\"{&quot;background_background&quot;:&quot;classic&quot;,&quot;jet_parallax_layout_list&quot;:[]}\">\n\t\t\t\t<\/div>\n\t\t\t\t\t<\/div>\n\t\t\t\t<\/div>\n\t\t\t\t<\/div>\n\t\t","protected":false},"excerpt":{"rendered":"<p>Artikler F\u00e5 v\u00e6rdifulde indsigter og \u00f8g din indflydelse med vores gratis artikler! Gennemse udvalget og download det materiale, der kan hj\u00e6lpe dig med at udvikle dig, l\u00e6re nyt og n\u00e5 dine m\u00e5l. Download artikel Praktisk l\u00e6ring En introduktion til Power2Influence\u00ae-kurset. I dette 60-minutters gratis webinar vil en af vores tr\u00e6nere fort\u00e6lle dig alt om det [&hellip;]<\/p>\n","protected":false},"author":1,"featured_media":0,"parent":3887,"menu_order":0,"comment_status":"closed","ping_status":"closed","template":"","meta":{"footnotes":""},"class_list":["post-3946","page","type-page","status-publish","hentry"],"yoast_head":"<!-- This site is optimized with the Yoast SEO plugin v24.8.1 - https:\/\/yoast.com\/wordpress\/plugins\/seo\/ -->\n<title>Artikler - The Influence Company<\/title>\n<meta name=\"robots\" content=\"index, follow, max-snippet:-1, max-image-preview:large, max-video-preview:-1\" \/>\n<link rel=\"canonical\" href=\"https:\/\/influencecompany.meeronlineresultaat.dev\/dk\/download\/artikel\/\" \/>\n<meta property=\"og:locale\" content=\"en_US\" \/>\n<meta property=\"og:type\" content=\"article\" \/>\n<meta property=\"og:title\" content=\"Artikler - The Influence Company\" \/>\n<meta property=\"og:description\" content=\"Artikler F\u00e5 v\u00e6rdifulde indsigter og \u00f8g din indflydelse med vores gratis artikler! Gennemse udvalget og download det materiale, der kan hj\u00e6lpe dig med at udvikle dig, l\u00e6re nyt og n\u00e5 dine m\u00e5l. Download artikel Praktisk l\u00e6ring En introduktion til Power2Influence\u00ae-kurset. I dette 60-minutters gratis webinar vil en af vores tr\u00e6nere fort\u00e6lle dig alt om det [&hellip;]\" \/>\n<meta property=\"og:url\" content=\"https:\/\/influencecompany.meeronlineresultaat.dev\/dk\/download\/artikel\/\" \/>\n<meta property=\"og:site_name\" content=\"The Influence Company\" \/>\n<meta property=\"article:modified_time\" content=\"2025-04-16T18:10:07+00:00\" \/>\n<meta name=\"twitter:card\" content=\"summary_large_image\" \/>\n<meta name=\"twitter:label1\" content=\"Est. reading time\" \/>\n\t<meta name=\"twitter:data1\" content=\"1 minute\" \/>\n<!-- \/ Yoast SEO plugin. -->","yoast_head_json":{"title":"Artikler - The Influence Company","robots":{"index":"index","follow":"follow","max-snippet":"max-snippet:-1","max-image-preview":"max-image-preview:large","max-video-preview":"max-video-preview:-1"},"canonical":"https:\/\/influencecompany.meeronlineresultaat.dev\/dk\/download\/artikel\/","og_locale":"en_US","og_type":"article","og_title":"Artikler - The Influence Company","og_description":"Artikler F\u00e5 v\u00e6rdifulde indsigter og \u00f8g din indflydelse med vores gratis artikler! Gennemse udvalget og download det materiale, der kan hj\u00e6lpe dig med at udvikle dig, l\u00e6re nyt og n\u00e5 dine m\u00e5l. Download artikel Praktisk l\u00e6ring En introduktion til Power2Influence\u00ae-kurset. I dette 60-minutters gratis webinar vil en af vores tr\u00e6nere fort\u00e6lle dig alt om det [&hellip;]","og_url":"https:\/\/influencecompany.meeronlineresultaat.dev\/dk\/download\/artikel\/","og_site_name":"The Influence Company","article_modified_time":"2025-04-16T18:10:07+00:00","twitter_card":"summary_large_image","twitter_misc":{"Est. reading time":"1 minute"},"schema":{"@context":"https:\/\/schema.org","@graph":[{"@type":"WebPage","@id":"https:\/\/influencecompany.meeronlineresultaat.dev\/dk\/download\/artikel\/","url":"https:\/\/influencecompany.meeronlineresultaat.dev\/dk\/download\/artikel\/","name":"Artikler - The Influence Company","isPartOf":{"@id":"https:\/\/influencecompany.meeronlineresultaat.dev\/dk\/#website"},"datePublished":"2025-01-03T10:46:10+00:00","dateModified":"2025-04-16T18:10:07+00:00","breadcrumb":{"@id":"https:\/\/influencecompany.meeronlineresultaat.dev\/dk\/download\/artikel\/#breadcrumb"},"inLanguage":"dk","potentialAction":[{"@type":"ReadAction","target":["https:\/\/influencecompany.meeronlineresultaat.dev\/dk\/download\/artikel\/"]}]},{"@type":"BreadcrumbList","@id":"https:\/\/influencecompany.meeronlineresultaat.dev\/dk\/download\/artikel\/#breadcrumb","itemListElement":[{"@type":"ListItem","position":1,"name":"Home","item":"https:\/\/influencecompany.meeronlineresultaat.dev\/dk\/"},{"@type":"ListItem","position":2,"name":"Downloads","item":"https:\/\/influencecompany.meeronlineresultaat.dev\/dk\/download\/"},{"@type":"ListItem","position":3,"name":"Artikler"}]},{"@type":"WebSite","@id":"https:\/\/influencecompany.meeronlineresultaat.dev\/dk\/#website","url":"https:\/\/influencecompany.meeronlineresultaat.dev\/dk\/","name":"The Influence Company","description":"Work on your Influence skills","publisher":{"@id":"https:\/\/influencecompany.meeronlineresultaat.dev\/dk\/#organization"},"potentialAction":[{"@type":"SearchAction","target":{"@type":"EntryPoint","urlTemplate":"https:\/\/influencecompany.meeronlineresultaat.dev\/dk\/?s={search_term_string}"},"query-input":{"@type":"PropertyValueSpecification","valueRequired":true,"valueName":"search_term_string"}}],"inLanguage":"dk"},{"@type":"Organization","@id":"https:\/\/influencecompany.meeronlineresultaat.dev\/dk\/#organization","name":"The Influence Company","url":"https:\/\/influencecompany.meeronlineresultaat.dev\/dk\/","logo":{"@type":"ImageObject","inLanguage":"dk","@id":"https:\/\/influencecompany.meeronlineresultaat.dev\/dk\/#\/schema\/logo\/image\/","url":"https:\/\/influencecompany.meeronlineresultaat.dev\/wp-content\/uploads\/2024\/07\/tic-logo.png","contentUrl":"https:\/\/influencecompany.meeronlineresultaat.dev\/wp-content\/uploads\/2024\/07\/tic-logo.png","width":768,"height":163,"caption":"The Influence Company"},"image":{"@id":"https:\/\/influencecompany.meeronlineresultaat.dev\/dk\/#\/schema\/logo\/image\/"}}]}},"_links":{"self":[{"href":"https:\/\/influencecompany.meeronlineresultaat.dev\/dk\/wp-json\/wp\/v2\/pages\/3946","targetHints":{"allow":["GET"]}}],"collection":[{"href":"https:\/\/influencecompany.meeronlineresultaat.dev\/dk\/wp-json\/wp\/v2\/pages"}],"about":[{"href":"https:\/\/influencecompany.meeronlineresultaat.dev\/dk\/wp-json\/wp\/v2\/types\/page"}],"author":[{"embeddable":true,"href":"https:\/\/influencecompany.meeronlineresultaat.dev\/dk\/wp-json\/wp\/v2\/users\/1"}],"replies":[{"embeddable":true,"href":"https:\/\/influencecompany.meeronlineresultaat.dev\/dk\/wp-json\/wp\/v2\/comments?post=3946"}],"version-history":[{"count":32,"href":"https:\/\/influencecompany.meeronlineresultaat.dev\/dk\/wp-json\/wp\/v2\/pages\/3946\/revisions"}],"predecessor-version":[{"id":7968,"href":"https:\/\/influencecompany.meeronlineresultaat.dev\/dk\/wp-json\/wp\/v2\/pages\/3946\/revisions\/7968"}],"up":[{"embeddable":true,"href":"https:\/\/influencecompany.meeronlineresultaat.dev\/dk\/wp-json\/wp\/v2\/pages\/3887"}],"wp:attachment":[{"href":"https:\/\/influencecompany.meeronlineresultaat.dev\/dk\/wp-json\/wp\/v2\/media?parent=3946"}],"curies":[{"name":"wp","href":"https:\/\/api.w.org\/{rel}","templated":true}]}}