{"id":4038,"date":"2025-01-03T10:35:27","date_gmt":"2025-01-03T10:35:27","guid":{"rendered":"https:\/\/influencecompany.meeronlineresultaat.dev\/indflydelse\/influence-modellen\/persuading\/"},"modified":"2025-04-16T18:31:19","modified_gmt":"2025-04-16T18:31:19","slug":"persuading","status":"publish","type":"page","link":"https:\/\/influencecompany.meeronlineresultaat.dev\/dk\/indflydelse\/influence-modellen\/persuading\/","title":{"rendered":"Persuading"},"content":{"rendered":"\t\t<div data-elementor-type=\"wp-page\" data-elementor-id=\"4038\" class=\"elementor elementor-4038 elementor-584\" data-elementor-post-type=\"page\">\n\t\t\t\t<div class=\"elementor-element elementor-element-b69d63e e-flex e-con-boxed e-con e-child\" data-id=\"b69d63e\" data-element_type=\"container\" data-settings=\"{&quot;background_background&quot;:&quot;classic&quot;,&quot;jet_parallax_layout_list&quot;:[]}\">\n\t\t\t\t\t<div class=\"e-con-inner\">\n\t\t<div class=\"elementor-element elementor-element-ce0e0c7 e-flex e-con-boxed e-con e-child\" data-id=\"ce0e0c7\" data-element_type=\"container\" data-settings=\"{&quot;jet_parallax_layout_list&quot;:[],&quot;background_background&quot;:&quot;classic&quot;}\">\n\t\t\t\t\t<div class=\"e-con-inner\">\n\t\t<div class=\"elementor-element elementor-element-811ccff e-con-full e-flex e-con e-child\" data-id=\"811ccff\" data-element_type=\"container\" data-settings=\"{&quot;jet_parallax_layout_list&quot;:[]}\">\n\t\t\t\t<div class=\"elementor-element elementor-element-ce3c650 elementor-widget elementor-widget-heading\" data-id=\"ce3c650\" data-element_type=\"widget\" data-widget_type=\"heading.default\">\n\t\t\t\t<div class=\"elementor-widget-container\">\n\t\t\t\t\t<h1 class=\"elementor-heading-title elementor-size-default\">Stil for indflydelse: Persuading<\/h1>\t\t\t\t<\/div>\n\t\t\t\t<\/div>\n\t\t\t\t<div class=\"elementor-element elementor-element-7b90c86 elementor-widget elementor-widget-text-editor\" data-id=\"7b90c86\" data-element_type=\"widget\" data-widget_type=\"text-editor.default\">\n\t\t\t\t<div class=\"elementor-widget-container\">\n\t\t\t\t\t\t\t\t\t<p>Denne indflydelsesstil bruges, n\u00e5r du og den anden s\u00f8ger den bedste l\u00f8sning p\u00e5 et problem, og antagelsen er, at den kan bekr\u00e6ftes med fakta. Emnet er vigtigt. Den, der anvender denne indflydelsesstil, har stort fokus p\u00e5 m\u00e5let og fuldt kendskab til de fakta, som bakker op om hans\/hendes forslag.<\/p>\t\t\t\t\t\t\t\t<\/div>\n\t\t\t\t<\/div>\n\t\t\t\t<\/div>\n\t\t\t\t\t<\/div>\n\t\t\t\t<\/div>\n\t\t\t\t\t<\/div>\n\t\t\t\t<\/div>\n\t\t<div class=\"elementor-element elementor-element-eb45d01 e-flex e-con-boxed e-con e-parent\" data-id=\"eb45d01\" data-element_type=\"container\" data-settings=\"{&quot;jet_parallax_layout_list&quot;:[]}\">\n\t\t\t\t\t<div class=\"e-con-inner\">\n\t\t<div class=\"elementor-element elementor-element-db71d75 e-con-full e-flex e-con e-child\" data-id=\"db71d75\" data-element_type=\"container\" data-settings=\"{&quot;jet_parallax_layout_list&quot;:[]}\">\n\t\t\t\t<div class=\"elementor-element elementor-element-f34f698 elementor-widget elementor-widget-heading\" data-id=\"f34f698\" data-element_type=\"widget\" data-widget_type=\"heading.default\">\n\t\t\t\t<div class=\"elementor-widget-container\">\n\t\t\t\t\t<h2 class=\"elementor-heading-title elementor-size-default\">Det drejer sig om indholdet: Den bedste l\u00f8sning findes i f\u00e6llesskab.<\/h2>\t\t\t\t<\/div>\n\t\t\t\t<\/div>\n\t\t\t\t<div class=\"elementor-element elementor-element-5d77f0e elementor-widget elementor-widget-text-editor\" data-id=\"5d77f0e\" data-element_type=\"widget\" data-widget_type=\"text-editor.default\">\n\t\t\t\t<div class=\"elementor-widget-container\">\n\t\t\t\t\t\t\t\t\t<p>Ved \u201dPersuading\u201d er en god forberedelse det halve arbejde. \u201dPersuading\u201d er en indflydelsesstil, som ofte anvendes i diskussioner, hvor andre overbevises af et forslag efterfulgt af gode argumenter. Bruger du denne indflydelsesstil effektivt, er du \u00e5ben overfor andres mening, og sammen kan I komme frem til den bedste l\u00f8sning. I denne indflydelsesstil er der ikke plads til f\u00f8lelser og fornemmelser.<\/p><p>De, som er effektive i deres brug af denne indflydelsesstil, n\u00e5r deres m\u00e5l ved at frems\u00e6tte forslag. De forsvarer ogs\u00e5 deres forslag med fakta og logiske r\u00e6sonnementer. De, der bruger denne indflydelsesstil, deltager endvidere aktivt i diskussioner. Nedenfor kan du se eksempler p\u00e5, hvor og hvordan de to typer af adf\u00e6rd i \u201dPersuading\u201d kan anvendes.<\/p>\t\t\t\t\t\t\t\t<\/div>\n\t\t\t\t<\/div>\n\t\t\t\t<div class=\"elementor-element elementor-element-07bac55 elementor-icon-list--layout-traditional elementor-list-item-link-full_width elementor-widget elementor-widget-icon-list\" data-id=\"07bac55\" data-element_type=\"widget\" data-widget_type=\"icon-list.default\">\n\t\t\t\t<div class=\"elementor-widget-container\">\n\t\t\t\t\t\t\t<ul class=\"elementor-icon-list-items\">\n\t\t\t\t\t\t\t<li class=\"elementor-icon-list-item\">\n\t\t\t\t\t\t\t\t\t\t\t<span class=\"elementor-icon-list-icon\">\n\t\t\t\t\t\t\t<svg aria-hidden=\"true\" class=\"e-font-icon-svg e-fas-check-circle\" viewBox=\"0 0 512 512\" xmlns=\"http:\/\/www.w3.org\/2000\/svg\"><path d=\"M504 256c0 136.967-111.033 248-248 248S8 392.967 8 256 119.033 8 256 8s248 111.033 248 248zM227.314 387.314l184-184c6.248-6.248 6.248-16.379 0-22.627l-22.627-22.627c-6.248-6.249-16.379-6.249-22.628 0L216 308.118l-70.059-70.059c-6.248-6.248-16.379-6.248-22.628 0l-22.627 22.627c-6.248 6.248-6.248 16.379 0 22.627l104 104c6.249 6.249 16.379 6.249 22.628.001z\"><\/path><\/svg>\t\t\t\t\t\t<\/span>\n\t\t\t\t\t\t\t\t\t\t<span class=\"elementor-icon-list-text\">Du har styr p\u00e5 dine fakta.<\/span>\n\t\t\t\t\t\t\t\t\t<\/li>\n\t\t\t\t\t\t\t\t<li class=\"elementor-icon-list-item\">\n\t\t\t\t\t\t\t\t\t\t\t<span class=\"elementor-icon-list-icon\">\n\t\t\t\t\t\t\t<svg aria-hidden=\"true\" class=\"e-font-icon-svg e-fas-check-circle\" viewBox=\"0 0 512 512\" xmlns=\"http:\/\/www.w3.org\/2000\/svg\"><path d=\"M504 256c0 136.967-111.033 248-248 248S8 392.967 8 256 119.033 8 256 8s248 111.033 248 248zM227.314 387.314l184-184c6.248-6.248 6.248-16.379 0-22.627l-22.627-22.627c-6.248-6.249-16.379-6.249-22.628 0L216 308.118l-70.059-70.059c-6.248-6.248-16.379-6.248-22.628 0l-22.627 22.627c-6.248 6.248-6.248 16.379 0 22.627l104 104c6.249 6.249 16.379 6.249 22.628.001z\"><\/path><\/svg>\t\t\t\t\t\t<\/span>\n\t\t\t\t\t\t\t\t\t\t<span class=\"elementor-icon-list-text\">Du kommer med forslag og argumenter, som bakker dem op.<\/span>\n\t\t\t\t\t\t\t\t\t<\/li>\n\t\t\t\t\t\t\t\t<li class=\"elementor-icon-list-item\">\n\t\t\t\t\t\t\t\t\t\t\t<span class=\"elementor-icon-list-icon\">\n\t\t\t\t\t\t\t<svg aria-hidden=\"true\" class=\"e-font-icon-svg e-fas-check-circle\" viewBox=\"0 0 512 512\" xmlns=\"http:\/\/www.w3.org\/2000\/svg\"><path d=\"M504 256c0 136.967-111.033 248-248 248S8 392.967 8 256 119.033 8 256 8s248 111.033 248 248zM227.314 387.314l184-184c6.248-6.248 6.248-16.379 0-22.627l-22.627-22.627c-6.248-6.249-16.379-6.249-22.628 0L216 308.118l-70.059-70.059c-6.248-6.248-16.379-6.248-22.628 0l-22.627 22.627c-6.248 6.248-6.248 16.379 0 22.627l104 104c6.249 6.249 16.379 6.249 22.628.001z\"><\/path><\/svg>\t\t\t\t\t\t<\/span>\n\t\t\t\t\t\t\t\t\t\t<span class=\"elementor-icon-list-text\">Du tager plads, men giver ogs\u00e5 rum til den anden.<\/span>\n\t\t\t\t\t\t\t\t\t<\/li>\n\t\t\t\t\t\t\t\t<li class=\"elementor-icon-list-item\">\n\t\t\t\t\t\t\t\t\t\t\t<span class=\"elementor-icon-list-icon\">\n\t\t\t\t\t\t\t<svg aria-hidden=\"true\" class=\"e-font-icon-svg e-fas-check-circle\" viewBox=\"0 0 512 512\" xmlns=\"http:\/\/www.w3.org\/2000\/svg\"><path d=\"M504 256c0 136.967-111.033 248-248 248S8 392.967 8 256 119.033 8 256 8s248 111.033 248 248zM227.314 387.314l184-184c6.248-6.248 6.248-16.379 0-22.627l-22.627-22.627c-6.248-6.249-16.379-6.249-22.628 0L216 308.118l-70.059-70.059c-6.248-6.248-16.379-6.248-22.628 0l-22.627 22.627c-6.248 6.248-6.248 16.379 0 22.627l104 104c6.249 6.249 16.379 6.249 22.628.001z\"><\/path><\/svg>\t\t\t\t\t\t<\/span>\n\t\t\t\t\t\t\t\t\t\t<span class=\"elementor-icon-list-text\">Du samarbejder for at finde frem til den bedste l\u00f8sning.<\/span>\n\t\t\t\t\t\t\t\t\t<\/li>\n\t\t\t\t\t\t<\/ul>\n\t\t\t\t\t\t<\/div>\n\t\t\t\t<\/div>\n\t\t\t\t<\/div>\n\t\t<div class=\"elementor-element elementor-element-2e80e6e e-con-full e-flex e-con e-child\" data-id=\"2e80e6e\" data-element_type=\"container\" data-settings=\"{&quot;background_background&quot;:&quot;classic&quot;,&quot;jet_parallax_layout_list&quot;:[]}\">\n\t\t\t\t<\/div>\n\t\t\t\t\t<\/div>\n\t\t\t\t<\/div>\n\t\t<div class=\"elementor-element elementor-element-df970fb e-flex e-con-boxed e-con e-parent\" data-id=\"df970fb\" data-element_type=\"container\" data-settings=\"{&quot;jet_parallax_layout_list&quot;:[]}\">\n\t\t\t\t\t<div class=\"e-con-inner\">\n\t\t\t\t<div class=\"elementor-element elementor-element-f36da56 elementor-widget elementor-widget-heading\" data-id=\"f36da56\" data-element_type=\"widget\" data-widget_type=\"heading.default\">\n\t\t\t\t<div class=\"elementor-widget-container\">\n\t\t\t\t\t<h2 class=\"elementor-heading-title elementor-size-default\">\nStyrk dine f\u00e6rdigheder inden for \u201dPersuading\u201d\n<\/h2>\t\t\t\t<\/div>\n\t\t\t\t<\/div>\n\t\t\t\t<div class=\"elementor-element elementor-element-69ae468 elementor-widget elementor-widget-text-editor\" data-id=\"69ae468\" data-element_type=\"widget\" data-widget_type=\"text-editor.default\">\n\t\t\t\t<div class=\"elementor-widget-container\">\n\t\t\t\t\t\t\t\t\t<div class=\"elementor-element elementor-element-bce45ab elementor-widget elementor-widget-text-editor\" data-id=\"bce45ab\" data-element_type=\"widget\" data-widget_type=\"text-editor.default\"><div class=\"elementor-widget-container\"><p>Oplever du ofte, at du p\u00e5 jobbet havner i situationer, hvor dit forslag udvikler sig til en debat? Kan du ikke f\u00e5 dine pointer frem, og sidder du fast i uendelige diskussioner uden at n\u00e5 frem til en l\u00f8sning? Tag <a href=\"https:\/\/influencecompany.meeronlineresultaat.dev\/dk\/indflydelse\/indflydelsestest\/\">indflydelsestesten<\/a> og find ud af hvor effektiv din \u201dPersuading\u201d er.<\/p><\/div><\/div>\t\t\t\t\t\t\t\t<\/div>\n\t\t\t\t<\/div>\n\t\t<div class=\"elementor-element elementor-element-428245b e-con-full e-flex e-con e-child\" data-id=\"428245b\" data-element_type=\"container\" data-settings=\"{&quot;jet_parallax_layout_list&quot;:[]}\">\n\t\t<div class=\"elementor-element elementor-element-2295601 e-con-full e-flex e-con e-child\" data-id=\"2295601\" data-element_type=\"container\" data-settings=\"{&quot;jet_parallax_layout_list&quot;:[]}\">\n\t\t<div class=\"elementor-element elementor-element-6d734c1 e-con-full e-flex e-con e-child\" data-id=\"6d734c1\" data-element_type=\"container\" data-settings=\"{&quot;background_background&quot;:&quot;classic&quot;,&quot;jet_parallax_layout_list&quot;:[]}\">\n\t\t<div class=\"elementor-element elementor-element-c826350 e-con-full e-flex e-con e-child\" data-id=\"c826350\" data-element_type=\"container\" data-settings=\"{&quot;jet_parallax_layout_list&quot;:[]}\">\n\t\t\t\t<div class=\"elementor-element elementor-element-23ed690 elementor-widget elementor-widget-heading\" data-id=\"23ed690\" data-element_type=\"widget\" data-widget_type=\"heading.default\">\n\t\t\t\t<div class=\"elementor-widget-container\">\n\t\t\t\t\t<h3 class=\"elementor-heading-title elementor-size-default\">N\u00e5r du bruger \u201dPersuading\u201d korrekt<\/h3>\t\t\t\t<\/div>\n\t\t\t\t<\/div>\n\t\t\t\t<div class=\"elementor-element elementor-element-485a834 elementor-icon-list--layout-traditional elementor-list-item-link-full_width elementor-widget elementor-widget-icon-list\" data-id=\"485a834\" data-element_type=\"widget\" data-widget_type=\"icon-list.default\">\n\t\t\t\t<div class=\"elementor-widget-container\">\n\t\t\t\t\t\t\t<ul class=\"elementor-icon-list-items\">\n\t\t\t\t\t\t\t<li class=\"elementor-icon-list-item\">\n\t\t\t\t\t\t\t\t\t\t\t<span class=\"elementor-icon-list-icon\">\n\t\t\t\t\t\t\t<svg aria-hidden=\"true\" class=\"e-font-icon-svg e-fas-plus-circle\" viewBox=\"0 0 512 512\" xmlns=\"http:\/\/www.w3.org\/2000\/svg\"><path d=\"M256 8C119 8 8 119 8 256s111 248 248 248 248-111 248-248S393 8 256 8zm144 276c0 6.6-5.4 12-12 12h-92v92c0 6.6-5.4 12-12 12h-56c-6.6 0-12-5.4-12-12v-92h-92c-6.6 0-12-5.4-12-12v-56c0-6.6 5.4-12 12-12h92v-92c0-6.6 5.4-12 12-12h56c6.6 0 12 5.4 12 12v92h92c6.6 0 12 5.4 12 12v56z\"><\/path><\/svg>\t\t\t\t\t\t<\/span>\n\t\t\t\t\t\t\t\t\t\t<span class=\"elementor-icon-list-text\">Er du analytisk st\u00e6rk<\/span>\n\t\t\t\t\t\t\t\t\t<\/li>\n\t\t\t\t\t\t\t\t<li class=\"elementor-icon-list-item\">\n\t\t\t\t\t\t\t\t\t\t\t<span class=\"elementor-icon-list-icon\">\n\t\t\t\t\t\t\t<svg aria-hidden=\"true\" class=\"e-font-icon-svg e-fas-plus-circle\" viewBox=\"0 0 512 512\" xmlns=\"http:\/\/www.w3.org\/2000\/svg\"><path d=\"M256 8C119 8 8 119 8 256s111 248 248 248 248-111 248-248S393 8 256 8zm144 276c0 6.6-5.4 12-12 12h-92v92c0 6.6-5.4 12-12 12h-56c-6.6 0-12-5.4-12-12v-92h-92c-6.6 0-12-5.4-12-12v-56c0-6.6 5.4-12 12-12h92v-92c0-6.6 5.4-12 12-12h56c6.6 0 12 5.4 12 12v92h92c6.6 0 12 5.4 12 12v56z\"><\/path><\/svg>\t\t\t\t\t\t<\/span>\n\t\t\t\t\t\t\t\t\t\t<span class=\"elementor-icon-list-text\">Har du velovervejede forslag<\/span>\n\t\t\t\t\t\t\t\t\t<\/li>\n\t\t\t\t\t\t\t\t<li class=\"elementor-icon-list-item\">\n\t\t\t\t\t\t\t\t\t\t\t<span class=\"elementor-icon-list-icon\">\n\t\t\t\t\t\t\t<svg aria-hidden=\"true\" class=\"e-font-icon-svg e-fas-plus-circle\" viewBox=\"0 0 512 512\" xmlns=\"http:\/\/www.w3.org\/2000\/svg\"><path d=\"M256 8C119 8 8 119 8 256s111 248 248 248 248-111 248-248S393 8 256 8zm144 276c0 6.6-5.4 12-12 12h-92v92c0 6.6-5.4 12-12 12h-56c-6.6 0-12-5.4-12-12v-92h-92c-6.6 0-12-5.4-12-12v-56c0-6.6 5.4-12 12-12h92v-92c0-6.6 5.4-12 12-12h56c6.6 0 12 5.4 12 12v92h92c6.6 0 12 5.4 12 12v56z\"><\/path><\/svg>\t\t\t\t\t\t<\/span>\n\t\t\t\t\t\t\t\t\t\t<span class=\"elementor-icon-list-text\">Har du styr p\u00e5 fakta<\/span>\n\t\t\t\t\t\t\t\t\t<\/li>\n\t\t\t\t\t\t\t\t<li class=\"elementor-icon-list-item\">\n\t\t\t\t\t\t\t\t\t\t\t<span class=\"elementor-icon-list-icon\">\n\t\t\t\t\t\t\t<svg aria-hidden=\"true\" class=\"e-font-icon-svg e-fas-plus-circle\" viewBox=\"0 0 512 512\" xmlns=\"http:\/\/www.w3.org\/2000\/svg\"><path d=\"M256 8C119 8 8 119 8 256s111 248 248 248 248-111 248-248S393 8 256 8zm144 276c0 6.6-5.4 12-12 12h-92v92c0 6.6-5.4 12-12 12h-56c-6.6 0-12-5.4-12-12v-92h-92c-6.6 0-12-5.4-12-12v-56c0-6.6 5.4-12 12-12h92v-92c0-6.6 5.4-12 12-12h56c6.6 0 12 5.4 12 12v92h92c6.6 0 12 5.4 12 12v56z\"><\/path><\/svg>\t\t\t\t\t\t<\/span>\n\t\t\t\t\t\t\t\t\t\t<span class=\"elementor-icon-list-text\">S\u00f8ger du en l\u00f8sning i f\u00e6llesskab<\/span>\n\t\t\t\t\t\t\t\t\t<\/li>\n\t\t\t\t\t\t<\/ul>\n\t\t\t\t\t\t<\/div>\n\t\t\t\t<\/div>\n\t\t\t\t<\/div>\n\t\t\t\t<\/div>\n\t\t<div class=\"elementor-element elementor-element-ff4a872 e-con-full e-flex e-con e-child\" data-id=\"ff4a872\" data-element_type=\"container\" data-settings=\"{&quot;background_background&quot;:&quot;classic&quot;,&quot;jet_parallax_layout_list&quot;:[]}\">\n\t\t<div class=\"elementor-element elementor-element-0cfe8b7 e-con-full e-flex e-con e-child\" data-id=\"0cfe8b7\" data-element_type=\"container\" data-settings=\"{&quot;jet_parallax_layout_list&quot;:[]}\">\n\t\t\t\t<div class=\"elementor-element elementor-element-6143092 elementor-widget elementor-widget-heading\" data-id=\"6143092\" data-element_type=\"widget\" data-widget_type=\"heading.default\">\n\t\t\t\t<div class=\"elementor-widget-container\">\n\t\t\t\t\t<h3 class=\"elementor-heading-title elementor-size-default\">N\u00e5r din \u201dPersuading\u201d er ineffektiv<\/h3>\t\t\t\t<\/div>\n\t\t\t\t<\/div>\n\t\t\t\t<div class=\"elementor-element elementor-element-249e589 elementor-icon-list--layout-traditional elementor-list-item-link-full_width elementor-widget elementor-widget-icon-list\" data-id=\"249e589\" data-element_type=\"widget\" data-widget_type=\"icon-list.default\">\n\t\t\t\t<div class=\"elementor-widget-container\">\n\t\t\t\t\t\t\t<ul class=\"elementor-icon-list-items\">\n\t\t\t\t\t\t\t<li class=\"elementor-icon-list-item\">\n\t\t\t\t\t\t\t\t\t\t\t<span class=\"elementor-icon-list-icon\">\n\t\t\t\t\t\t\t<svg aria-hidden=\"true\" class=\"e-font-icon-svg e-fas-minus-circle\" viewBox=\"0 0 512 512\" xmlns=\"http:\/\/www.w3.org\/2000\/svg\"><path d=\"M256 8C119 8 8 119 8 256s111 248 248 248 248-111 248-248S393 8 256 8zM124 296c-6.6 0-12-5.4-12-12v-56c0-6.6 5.4-12 12-12h264c6.6 0 12 5.4 12 12v56c0 6.6-5.4 12-12 12H124z\"><\/path><\/svg>\t\t\t\t\t\t<\/span>\n\t\t\t\t\t\t\t\t\t\t<span class=\"elementor-icon-list-text\">Bruger du irrelevante argumenter<\/span>\n\t\t\t\t\t\t\t\t\t<\/li>\n\t\t\t\t\t\t\t\t<li class=\"elementor-icon-list-item\">\n\t\t\t\t\t\t\t\t\t\t\t<span class=\"elementor-icon-list-icon\">\n\t\t\t\t\t\t\t<svg aria-hidden=\"true\" class=\"e-font-icon-svg e-fas-minus-circle\" viewBox=\"0 0 512 512\" xmlns=\"http:\/\/www.w3.org\/2000\/svg\"><path d=\"M256 8C119 8 8 119 8 256s111 248 248 248 248-111 248-248S393 8 256 8zM124 296c-6.6 0-12-5.4-12-12v-56c0-6.6 5.4-12 12-12h264c6.6 0 12 5.4 12 12v56c0 6.6-5.4 12-12 12H124z\"><\/path><\/svg>\t\t\t\t\t\t<\/span>\n\t\t\t\t\t\t\t\t\t\t<span class=\"elementor-icon-list-text\">Kan du ikke h\u00e5ndtere f\u00f8lelser<\/span>\n\t\t\t\t\t\t\t\t\t<\/li>\n\t\t\t\t\t\t\t\t<li class=\"elementor-icon-list-item\">\n\t\t\t\t\t\t\t\t\t\t\t<span class=\"elementor-icon-list-icon\">\n\t\t\t\t\t\t\t<svg aria-hidden=\"true\" class=\"e-font-icon-svg e-fas-minus-circle\" viewBox=\"0 0 512 512\" xmlns=\"http:\/\/www.w3.org\/2000\/svg\"><path d=\"M256 8C119 8 8 119 8 256s111 248 248 248 248-111 248-248S393 8 256 8zM124 296c-6.6 0-12-5.4-12-12v-56c0-6.6 5.4-12 12-12h264c6.6 0 12 5.4 12 12v56c0 6.6-5.4 12-12 12H124z\"><\/path><\/svg>\t\t\t\t\t\t<\/span>\n\t\t\t\t\t\t\t\t\t\t<span class=\"elementor-icon-list-text\">Er du ikke lydh\u00f8r<\/span>\n\t\t\t\t\t\t\t\t\t<\/li>\n\t\t\t\t\t\t<\/ul>\n\t\t\t\t\t\t<\/div>\n\t\t\t\t<\/div>\n\t\t\t\t<\/div>\n\t\t\t\t<\/div>\n\t\t\t\t<\/div>\n\t\t\t\t<\/div>\n\t\t\t\t\t<\/div>\n\t\t\t\t<\/div>\n\t\t\t\t<\/div>\n\t\t","protected":false},"excerpt":{"rendered":"<p>Stil for indflydelse: Persuading Denne indflydelsesstil bruges, n\u00e5r du og den anden s\u00f8ger den bedste l\u00f8sning p\u00e5 et problem, og antagelsen er, at den kan bekr\u00e6ftes med fakta. Emnet er vigtigt. Den, der anvender denne indflydelsesstil, har stort fokus p\u00e5 m\u00e5let og fuldt kendskab til de fakta, som bakker op om hans\/hendes forslag. Det drejer [&hellip;]<\/p>\n","protected":false},"author":1,"featured_media":0,"parent":3964,"menu_order":0,"comment_status":"closed","ping_status":"closed","template":"","meta":{"footnotes":""},"class_list":["post-4038","page","type-page","status-publish","hentry"],"yoast_head":"<!-- This site is optimized with the Yoast SEO plugin v24.8.1 - https:\/\/yoast.com\/wordpress\/plugins\/seo\/ -->\n<title>Persuading - The Influence Company<\/title>\n<meta name=\"robots\" content=\"index, follow, max-snippet:-1, max-image-preview:large, max-video-preview:-1\" \/>\n<link rel=\"canonical\" href=\"https:\/\/influencecompany.meeronlineresultaat.dev\/dk\/indflydelse\/influence-modellen\/persuading\/\" \/>\n<meta property=\"og:locale\" content=\"en_US\" \/>\n<meta property=\"og:type\" content=\"article\" \/>\n<meta property=\"og:title\" content=\"Persuading - The Influence Company\" \/>\n<meta property=\"og:description\" content=\"Stil for indflydelse: Persuading Denne indflydelsesstil bruges, n\u00e5r du og den anden s\u00f8ger den bedste l\u00f8sning p\u00e5 et problem, og antagelsen er, at den kan bekr\u00e6ftes med fakta. Emnet er vigtigt. Den, der anvender denne indflydelsesstil, har stort fokus p\u00e5 m\u00e5let og fuldt kendskab til de fakta, som bakker op om hans\/hendes forslag. Det drejer [&hellip;]\" \/>\n<meta property=\"og:url\" content=\"https:\/\/influencecompany.meeronlineresultaat.dev\/dk\/indflydelse\/influence-modellen\/persuading\/\" \/>\n<meta property=\"og:site_name\" content=\"The Influence Company\" \/>\n<meta property=\"article:modified_time\" content=\"2025-04-16T18:31:19+00:00\" \/>\n<meta name=\"twitter:card\" content=\"summary_large_image\" \/>\n<meta name=\"twitter:label1\" content=\"Est. reading time\" \/>\n\t<meta name=\"twitter:data1\" content=\"2 minutes\" \/>\n<!-- \/ Yoast SEO plugin. -->","yoast_head_json":{"title":"Persuading - The Influence Company","robots":{"index":"index","follow":"follow","max-snippet":"max-snippet:-1","max-image-preview":"max-image-preview:large","max-video-preview":"max-video-preview:-1"},"canonical":"https:\/\/influencecompany.meeronlineresultaat.dev\/dk\/indflydelse\/influence-modellen\/persuading\/","og_locale":"en_US","og_type":"article","og_title":"Persuading - The Influence Company","og_description":"Stil for indflydelse: Persuading Denne indflydelsesstil bruges, n\u00e5r du og den anden s\u00f8ger den bedste l\u00f8sning p\u00e5 et problem, og antagelsen er, at den kan bekr\u00e6ftes med fakta. Emnet er vigtigt. Den, der anvender denne indflydelsesstil, har stort fokus p\u00e5 m\u00e5let og fuldt kendskab til de fakta, som bakker op om hans\/hendes forslag. Det drejer [&hellip;]","og_url":"https:\/\/influencecompany.meeronlineresultaat.dev\/dk\/indflydelse\/influence-modellen\/persuading\/","og_site_name":"The Influence Company","article_modified_time":"2025-04-16T18:31:19+00:00","twitter_card":"summary_large_image","twitter_misc":{"Est. reading time":"2 minutes"},"schema":{"@context":"https:\/\/schema.org","@graph":[{"@type":"WebPage","@id":"https:\/\/influencecompany.meeronlineresultaat.dev\/dk\/indflydelse\/influence-modellen\/persuading\/","url":"https:\/\/influencecompany.meeronlineresultaat.dev\/dk\/indflydelse\/influence-modellen\/persuading\/","name":"Persuading - The Influence Company","isPartOf":{"@id":"https:\/\/influencecompany.meeronlineresultaat.dev\/dk\/#website"},"datePublished":"2025-01-03T10:35:27+00:00","dateModified":"2025-04-16T18:31:19+00:00","breadcrumb":{"@id":"https:\/\/influencecompany.meeronlineresultaat.dev\/dk\/indflydelse\/influence-modellen\/persuading\/#breadcrumb"},"inLanguage":"dk","potentialAction":[{"@type":"ReadAction","target":["https:\/\/influencecompany.meeronlineresultaat.dev\/dk\/indflydelse\/influence-modellen\/persuading\/"]}]},{"@type":"BreadcrumbList","@id":"https:\/\/influencecompany.meeronlineresultaat.dev\/dk\/indflydelse\/influence-modellen\/persuading\/#breadcrumb","itemListElement":[{"@type":"ListItem","position":1,"name":"Home","item":"https:\/\/influencecompany.meeronlineresultaat.dev\/dk\/"},{"@type":"ListItem","position":2,"name":"Indflydelse","item":"https:\/\/influencecompany.meeronlineresultaat.dev\/dk\/indflydelse\/"},{"@type":"ListItem","position":3,"name":"Influence-modellen","item":"https:\/\/influencecompany.meeronlineresultaat.dev\/dk\/indflydelse\/influence-modellen\/"},{"@type":"ListItem","position":4,"name":"Persuading"}]},{"@type":"WebSite","@id":"https:\/\/influencecompany.meeronlineresultaat.dev\/dk\/#website","url":"https:\/\/influencecompany.meeronlineresultaat.dev\/dk\/","name":"The Influence Company","description":"Work on your Influence skills","publisher":{"@id":"https:\/\/influencecompany.meeronlineresultaat.dev\/dk\/#organization"},"potentialAction":[{"@type":"SearchAction","target":{"@type":"EntryPoint","urlTemplate":"https:\/\/influencecompany.meeronlineresultaat.dev\/dk\/?s={search_term_string}"},"query-input":{"@type":"PropertyValueSpecification","valueRequired":true,"valueName":"search_term_string"}}],"inLanguage":"dk"},{"@type":"Organization","@id":"https:\/\/influencecompany.meeronlineresultaat.dev\/dk\/#organization","name":"The Influence Company","url":"https:\/\/influencecompany.meeronlineresultaat.dev\/dk\/","logo":{"@type":"ImageObject","inLanguage":"dk","@id":"https:\/\/influencecompany.meeronlineresultaat.dev\/dk\/#\/schema\/logo\/image\/","url":"https:\/\/influencecompany.meeronlineresultaat.dev\/wp-content\/uploads\/2024\/07\/tic-logo.png","contentUrl":"https:\/\/influencecompany.meeronlineresultaat.dev\/wp-content\/uploads\/2024\/07\/tic-logo.png","width":768,"height":163,"caption":"The Influence Company"},"image":{"@id":"https:\/\/influencecompany.meeronlineresultaat.dev\/dk\/#\/schema\/logo\/image\/"}}]}},"_links":{"self":[{"href":"https:\/\/influencecompany.meeronlineresultaat.dev\/dk\/wp-json\/wp\/v2\/pages\/4038","targetHints":{"allow":["GET"]}}],"collection":[{"href":"https:\/\/influencecompany.meeronlineresultaat.dev\/dk\/wp-json\/wp\/v2\/pages"}],"about":[{"href":"https:\/\/influencecompany.meeronlineresultaat.dev\/dk\/wp-json\/wp\/v2\/types\/page"}],"author":[{"embeddable":true,"href":"https:\/\/influencecompany.meeronlineresultaat.dev\/dk\/wp-json\/wp\/v2\/users\/1"}],"replies":[{"embeddable":true,"href":"https:\/\/influencecompany.meeronlineresultaat.dev\/dk\/wp-json\/wp\/v2\/comments?post=4038"}],"version-history":[{"count":16,"href":"https:\/\/influencecompany.meeronlineresultaat.dev\/dk\/wp-json\/wp\/v2\/pages\/4038\/revisions"}],"predecessor-version":[{"id":8019,"href":"https:\/\/influencecompany.meeronlineresultaat.dev\/dk\/wp-json\/wp\/v2\/pages\/4038\/revisions\/8019"}],"up":[{"embeddable":true,"href":"https:\/\/influencecompany.meeronlineresultaat.dev\/dk\/wp-json\/wp\/v2\/pages\/3964"}],"wp:attachment":[{"href":"https:\/\/influencecompany.meeronlineresultaat.dev\/dk\/wp-json\/wp\/v2\/media?parent=4038"}],"curies":[{"name":"wp","href":"https:\/\/api.w.org\/{rel}","templated":true}]}}